{"id":904,"date":"2017-08-07T14:28:09","date_gmt":"2017-08-07T12:28:09","guid":{"rendered":"https:\/\/kompakt-gmbh.de\/contact-directions\/"},"modified":"2022-04-11T09:30:55","modified_gmt":"2022-04-11T07:30:55","slug":"contact-directions","status":"publish","type":"page","link":"https:\/\/kompakt-gmbh.de\/en\/contact-directions\/","title":{"rendered":"Contact &#038; Directions"},"content":{"rendered":"<div class=\"fusion-fullwidth fullwidth-box fusion-builder-row-1 fusion-flex-container nonhundred-percent-fullwidth non-hundred-percent-height-scrolling\" style=\"--awb-border-radius-top-left:0px;--awb-border-radius-top-right:0px;--awb-border-radius-bottom-right:0px;--awb-border-radius-bottom-left:0px;--awb-flex-wrap:wrap;\" ><div class=\"fusion-builder-row fusion-row fusion-flex-align-items-flex-start fusion-flex-content-wrap\" style=\"max-width:1248px;margin-left: calc(-4% \/ 2 );margin-right: calc(-4% \/ 2 );\"><div class=\"fusion-layout-column fusion_builder_column fusion-builder-column-0 fusion_builder_column_1_2 1_2 fusion-flex-column\" style=\"--awb-bg-size:cover;--awb-width-large:50%;--awb-margin-top-large:0px;--awb-spacing-right-large:3.84%;--awb-margin-bottom-large:20px;--awb-spacing-left-large:3.84%;--awb-width-medium:100%;--awb-spacing-right-medium:1.92%;--awb-spacing-left-medium:1.92%;--awb-width-small:100%;--awb-spacing-right-small:1.92%;--awb-spacing-left-small:1.92%;\"><div class=\"fusion-column-wrapper fusion-flex-justify-content-flex-start fusion-content-layout-column\"><div class=\"fusion-text fusion-text-1\" style=\"--awb-text-transform:none;\"><h2>Office \u00d6tisheim<\/h2>\n<p>Max-Eyth-Stra\u00dfe 3<br \/>\n75443 \u00d6tisheim<br \/>\nTelefon: +49 7041 81 97-50<\/p>\n<\/div><\/div><\/div><div class=\"fusion-layout-column fusion_builder_column fusion-builder-column-1 fusion_builder_column_1_2 1_2 fusion-flex-column\" style=\"--awb-bg-size:cover;--awb-width-large:50%;--awb-margin-top-large:0px;--awb-spacing-right-large:3.84%;--awb-margin-bottom-large:20px;--awb-spacing-left-large:3.84%;--awb-width-medium:100%;--awb-spacing-right-medium:1.92%;--awb-spacing-left-medium:1.92%;--awb-width-small:100%;--awb-spacing-right-small:1.92%;--awb-spacing-left-small:1.92%;\"><div class=\"fusion-column-wrapper fusion-flex-justify-content-flex-start fusion-content-layout-column\"><div class=\"fusion-text fusion-text-2\"><h2>Office Karlsruhe<\/h2>\n<p>Scheffelstra\u00dfe 1<br \/>\n76135 Karlsruhe<br \/>\nTelefon: +49 721 831 44-44<\/p>\n<\/div><\/div><\/div><\/div><\/div>\n","protected":false},"excerpt":{"rendered":"","protected":false},"author":3,"featured_media":0,"parent":0,"menu_order":0,"comment_status":"closed","ping_status":"closed","template":"","meta":{"footnotes":""},"class_list":["post-904","page","type-page","status-publish","hentry"],"yoast_head":"<!-- This site is optimized with the Yoast SEO plugin v27.5 - https:\/\/yoast.com\/product\/yoast-seo-wordpress\/ -->\n<title>Contact &amp; Directions - Kom-pakt GmbH \u00d6tisheim | Karlsruhe<\/title>\n<meta name=\"description\" content=\"Kom-pakt GmbH - Beratung + Planung, Stammsitz: Allmendstra\u00dfe 6, 75443 \u00d6tisheim, Telefon: +49 7041 81 97-50, B\u00fcro Karlsruhe: Telefon: +49 721 831 44-44\" \/>\n<meta name=\"robots\" content=\"index, follow, max-snippet:-1, max-image-preview:large, max-video-preview:-1\" \/>\n<link rel=\"canonical\" href=\"https:\/\/kompakt-gmbh.de\/en\/contact-directions\/\" \/>\n<meta property=\"og:locale\" content=\"en_US\" \/>\n<meta property=\"og:type\" content=\"article\" \/>\n<meta property=\"og:title\" content=\"Contact &amp; Directions - Kom-pakt GmbH \u00d6tisheim | Karlsruhe\" \/>\n<meta property=\"og:description\" content=\"Kom-pakt GmbH - Beratung + Planung, Stammsitz: Allmendstra\u00dfe 6, 75443 \u00d6tisheim, Telefon: +49 7041 81 97-50, B\u00fcro Karlsruhe: Telefon: +49 721 831 44-44\" \/>\n<meta property=\"og:url\" content=\"https:\/\/kompakt-gmbh.de\/en\/contact-directions\/\" \/>\n<meta property=\"og:site_name\" content=\"Kom-pakt GmbH \u00d6tisheim | Karlsruhe\" \/>\n<meta property=\"article:modified_time\" content=\"2022-04-11T07:30:55+00:00\" \/>\n<meta name=\"twitter:card\" content=\"summary_large_image\" \/>\n<meta name=\"twitter:label1\" content=\"Est. reading time\" \/>\n\t<meta name=\"twitter:data1\" content=\"2 minutes\" \/>\n<script type=\"application\/ld+json\" class=\"yoast-schema-graph\">{\"@context\":\"https:\\\/\\\/schema.org\",\"@graph\":[{\"@type\":\"WebPage\",\"@id\":\"https:\\\/\\\/kompakt-gmbh.de\\\/en\\\/contact-directions\\\/\",\"url\":\"https:\\\/\\\/kompakt-gmbh.de\\\/en\\\/contact-directions\\\/\",\"name\":\"Contact & Directions - Kom-pakt GmbH \u00d6tisheim | Karlsruhe\",\"isPartOf\":{\"@id\":\"https:\\\/\\\/kompakt-gmbh.de\\\/en\\\/#website\"},\"datePublished\":\"2017-08-07T12:28:09+00:00\",\"dateModified\":\"2022-04-11T07:30:55+00:00\",\"description\":\"Kom-pakt GmbH - Beratung + Planung, Stammsitz: Allmendstra\u00dfe 6, 75443 \u00d6tisheim, Telefon: +49 7041 81 97-50, B\u00fcro Karlsruhe: Telefon: +49 721 831 44-44\",\"breadcrumb\":{\"@id\":\"https:\\\/\\\/kompakt-gmbh.de\\\/en\\\/contact-directions\\\/#breadcrumb\"},\"inLanguage\":\"en-US\",\"potentialAction\":[{\"@type\":\"ReadAction\",\"target\":[\"https:\\\/\\\/kompakt-gmbh.de\\\/en\\\/contact-directions\\\/\"]}]},{\"@type\":\"BreadcrumbList\",\"@id\":\"https:\\\/\\\/kompakt-gmbh.de\\\/en\\\/contact-directions\\\/#breadcrumb\",\"itemListElement\":[{\"@type\":\"ListItem\",\"position\":1,\"name\":\"Startseite\",\"item\":\"https:\\\/\\\/kompakt-gmbh.de\\\/en\\\/\"},{\"@type\":\"ListItem\",\"position\":2,\"name\":\"Contact &#038; Directions\"}]},{\"@type\":\"WebSite\",\"@id\":\"https:\\\/\\\/kompakt-gmbh.de\\\/en\\\/#website\",\"url\":\"https:\\\/\\\/kompakt-gmbh.de\\\/en\\\/\",\"name\":\"Kom-pakt GmbH \u00d6tisheim | Karlsruhe\",\"description\":\"Deponiebau | Abfallwirtschaft | Fl\u00e4chenrecycling\",\"potentialAction\":[{\"@type\":\"SearchAction\",\"target\":{\"@type\":\"EntryPoint\",\"urlTemplate\":\"https:\\\/\\\/kompakt-gmbh.de\\\/en\\\/?s={search_term_string}\"},\"query-input\":{\"@type\":\"PropertyValueSpecification\",\"valueRequired\":true,\"valueName\":\"search_term_string\"}}],\"inLanguage\":\"en-US\"}]}<\/script>\n<!-- \/ Yoast SEO plugin. -->","yoast_head_json":{"title":"Contact & Directions - Kom-pakt GmbH \u00d6tisheim | Karlsruhe","description":"Kom-pakt GmbH - Beratung + Planung, Stammsitz: Allmendstra\u00dfe 6, 75443 \u00d6tisheim, Telefon: +49 7041 81 97-50, B\u00fcro Karlsruhe: Telefon: +49 721 831 44-44","robots":{"index":"index","follow":"follow","max-snippet":"max-snippet:-1","max-image-preview":"max-image-preview:large","max-video-preview":"max-video-preview:-1"},"canonical":"https:\/\/kompakt-gmbh.de\/en\/contact-directions\/","og_locale":"en_US","og_type":"article","og_title":"Contact & Directions - Kom-pakt GmbH \u00d6tisheim | Karlsruhe","og_description":"Kom-pakt GmbH - Beratung + Planung, Stammsitz: Allmendstra\u00dfe 6, 75443 \u00d6tisheim, Telefon: +49 7041 81 97-50, B\u00fcro Karlsruhe: Telefon: +49 721 831 44-44","og_url":"https:\/\/kompakt-gmbh.de\/en\/contact-directions\/","og_site_name":"Kom-pakt GmbH \u00d6tisheim | Karlsruhe","article_modified_time":"2022-04-11T07:30:55+00:00","twitter_card":"summary_large_image","twitter_misc":{"Est. reading time":"2 minutes"},"schema":{"@context":"https:\/\/schema.org","@graph":[{"@type":"WebPage","@id":"https:\/\/kompakt-gmbh.de\/en\/contact-directions\/","url":"https:\/\/kompakt-gmbh.de\/en\/contact-directions\/","name":"Contact & Directions - Kom-pakt GmbH \u00d6tisheim | Karlsruhe","isPartOf":{"@id":"https:\/\/kompakt-gmbh.de\/en\/#website"},"datePublished":"2017-08-07T12:28:09+00:00","dateModified":"2022-04-11T07:30:55+00:00","description":"Kom-pakt GmbH - Beratung + Planung, Stammsitz: Allmendstra\u00dfe 6, 75443 \u00d6tisheim, Telefon: +49 7041 81 97-50, B\u00fcro Karlsruhe: Telefon: +49 721 831 44-44","breadcrumb":{"@id":"https:\/\/kompakt-gmbh.de\/en\/contact-directions\/#breadcrumb"},"inLanguage":"en-US","potentialAction":[{"@type":"ReadAction","target":["https:\/\/kompakt-gmbh.de\/en\/contact-directions\/"]}]},{"@type":"BreadcrumbList","@id":"https:\/\/kompakt-gmbh.de\/en\/contact-directions\/#breadcrumb","itemListElement":[{"@type":"ListItem","position":1,"name":"Startseite","item":"https:\/\/kompakt-gmbh.de\/en\/"},{"@type":"ListItem","position":2,"name":"Contact &#038; Directions"}]},{"@type":"WebSite","@id":"https:\/\/kompakt-gmbh.de\/en\/#website","url":"https:\/\/kompakt-gmbh.de\/en\/","name":"Kom-pakt GmbH \u00d6tisheim | Karlsruhe","description":"Deponiebau | Abfallwirtschaft | Fl\u00e4chenrecycling","potentialAction":[{"@type":"SearchAction","target":{"@type":"EntryPoint","urlTemplate":"https:\/\/kompakt-gmbh.de\/en\/?s={search_term_string}"},"query-input":{"@type":"PropertyValueSpecification","valueRequired":true,"valueName":"search_term_string"}}],"inLanguage":"en-US"}]}},"_links":{"self":[{"href":"https:\/\/kompakt-gmbh.de\/en\/wp-json\/wp\/v2\/pages\/904","targetHints":{"allow":["GET"]}}],"collection":[{"href":"https:\/\/kompakt-gmbh.de\/en\/wp-json\/wp\/v2\/pages"}],"about":[{"href":"https:\/\/kompakt-gmbh.de\/en\/wp-json\/wp\/v2\/types\/page"}],"author":[{"embeddable":true,"href":"https:\/\/kompakt-gmbh.de\/en\/wp-json\/wp\/v2\/users\/3"}],"replies":[{"embeddable":true,"href":"https:\/\/kompakt-gmbh.de\/en\/wp-json\/wp\/v2\/comments?post=904"}],"version-history":[{"count":3,"href":"https:\/\/kompakt-gmbh.de\/en\/wp-json\/wp\/v2\/pages\/904\/revisions"}],"predecessor-version":[{"id":2944,"href":"https:\/\/kompakt-gmbh.de\/en\/wp-json\/wp\/v2\/pages\/904\/revisions\/2944"}],"wp:attachment":[{"href":"https:\/\/kompakt-gmbh.de\/en\/wp-json\/wp\/v2\/media?parent=904"}],"curies":[{"name":"wp","href":"https:\/\/api.w.org\/{rel}","templated":true}]}}