{"id":1449,"date":"2017-03-15T08:22:23","date_gmt":"2017-03-15T07:22:23","guid":{"rendered":"https:\/\/kompakt-gmbh.de\/zurnalistika\/"},"modified":"2022-02-21T13:57:12","modified_gmt":"2022-02-21T12:57:12","slug":"zurnalistika","status":"publish","type":"page","link":"https:\/\/kompakt-gmbh.de\/cs\/zurnalistika\/","title":{"rendered":"\u017durnalistika"},"content":{"rendered":"<div class=\"fusion-fullwidth fullwidth-box fusion-builder-row-1 fusion-flex-container nonhundred-percent-fullwidth non-hundred-percent-height-scrolling\" style=\"--awb-border-radius-top-left:0px;--awb-border-radius-top-right:0px;--awb-border-radius-bottom-right:0px;--awb-border-radius-bottom-left:0px;--awb-flex-wrap:wrap;\" ><div class=\"fusion-builder-row fusion-row fusion-flex-align-items-flex-start fusion-flex-content-wrap\" style=\"max-width:calc( 1200px + 20px );margin-left: calc(-20px \/ 2 );margin-right: calc(-20px \/ 2 );\"><div class=\"fusion-layout-column fusion_builder_column fusion-builder-column-0 fusion_builder_column_1_1 1_1 fusion-flex-column\" style=\"--awb-bg-size:cover;--awb-width-large:100%;--awb-margin-top-large:0px;--awb-spacing-right-large:10px;--awb-margin-bottom-large:20px;--awb-spacing-left-large:10px;--awb-width-medium:100%;--awb-spacing-right-medium:10px;--awb-spacing-left-medium:10px;--awb-width-small:100%;--awb-spacing-right-small:10px;--awb-spacing-left-small:10px;\"><div class=\"fusion-column-wrapper fusion-flex-justify-content-flex-start fusion-content-layout-column\"><div class=\"fusion-text fusion-text-1\" style=\"--awb-content-alignment:left;\"><h2>Interviews Dr. Hans-Joachim Fischer anl\u00e4sslich des BMBF-Projektseminars<\/h2>\n<p>\u201eKMU-innovativ Verbundprojekt ISDAK: Innovatives Schulungs- und Dienstleistungskonzept als Beitrag zum nachhaltigen Wassermanagement in Kroatien\u201c am Pilotstandort Deponie Tetovac, Cakovec \/ Gespannschaft Medimurje (F\u00f6rderkennzeichen: 02WQ1230)<br \/>\nam 24.09.2013<\/p>\n<h2>KANAL: SRCE TV (kroatisches Fernsehen)<\/h2>\n<p>Ausstrahlung in den Nachrichten vom 26.09.2013 &#8211; Vijesti Dana<\/p>\n<\/div><div class=\"fusion-video fusion-youtube\" style=\"--awb-max-width:480px;--awb-max-height:360px;--awb-align-self:flex-start;--awb-width:100%;\"><div class=\"video-shortcode\"><lite-youtube videoid=\"GX6nxNn2DM0\" class=\"landscape\" params=\"wmode=transparent&autoplay=1&enablejsapi=1\" title=\"YouTube video player 1\" width=\"480\" height=\"360\" data-thumbnail-size=\"auto\" data-no-cookie=\"on\"><\/lite-youtube><\/div><\/div><div class=\"fusion-text fusion-text-2\" style=\"--awb-content-alignment:left;\"><h2><\/h2>\n<h2>KANAL: HRT2 (kroatisches Fernsehen)<\/h2>\n<p>Ausstrahlung in den Nachrichten vom 25.09.2013 &#8211; Regionalni Dnevnik<\/p>\n<\/div><div class=\"fusion-video fusion-youtube\" style=\"--awb-max-width:480px;--awb-max-height:360px;--awb-align-self:flex-start;--awb-width:100%;\"><div class=\"video-shortcode\"><lite-youtube videoid=\"Lg8fHLsDpbs\" class=\"landscape\" params=\"wmode=transparent&autoplay=1&enablejsapi=1\" title=\"YouTube video player 2\" width=\"480\" height=\"360\" data-thumbnail-size=\"auto\" data-no-cookie=\"on\"><\/lite-youtube><\/div><\/div><\/div><\/div><\/div><\/div>\n","protected":false},"excerpt":{"rendered":"","protected":false},"author":3,"featured_media":0,"parent":0,"menu_order":0,"comment_status":"closed","ping_status":"closed","template":"","meta":{"footnotes":""},"class_list":["post-1449","page","type-page","status-publish","hentry"],"yoast_head":"<!-- This site is optimized with the Yoast SEO plugin v27.5 - https:\/\/yoast.com\/product\/yoast-seo-wordpress\/ -->\n<title>Presse - Kom-pakt GmbH | \u00d6tisheim | Karlsruhe<\/title>\n<meta name=\"description\" content=\"KMU-innovativ Verbundprojekt ISDAK: Innovatives Schulungs- und Dienstleistungskonzept als Beitrag zum nachhaltigen Wassermanagement in Kroatien.\" \/>\n<meta name=\"robots\" content=\"index, follow, max-snippet:-1, max-image-preview:large, max-video-preview:-1\" \/>\n<link rel=\"canonical\" href=\"https:\/\/kompakt-gmbh.de\/cs\/zurnalistika\/\" \/>\n<meta property=\"og:locale\" content=\"cs_CZ\" \/>\n<meta property=\"og:type\" content=\"article\" \/>\n<meta property=\"og:title\" content=\"Presse - Kom-pakt GmbH | \u00d6tisheim | Karlsruhe\" \/>\n<meta property=\"og:description\" content=\"KMU-innovativ Verbundprojekt ISDAK: Innovatives Schulungs- und Dienstleistungskonzept als Beitrag zum nachhaltigen Wassermanagement in Kroatien.\" \/>\n<meta property=\"og:url\" content=\"https:\/\/kompakt-gmbh.de\/cs\/zurnalistika\/\" \/>\n<meta property=\"og:site_name\" content=\"Kom-pakt GmbH \u00d6tisheim | Karlsruhe\" \/>\n<meta property=\"article:modified_time\" content=\"2022-02-21T12:57:12+00:00\" \/>\n<meta name=\"twitter:card\" content=\"summary_large_image\" \/>\n<meta name=\"twitter:label1\" content=\"Odhadovan\u00e1 doba \u010dten\u00ed\" \/>\n\t<meta name=\"twitter:data1\" content=\"2 minuty\" \/>\n<script type=\"application\/ld+json\" class=\"yoast-schema-graph\">{\"@context\":\"https:\\\/\\\/schema.org\",\"@graph\":[{\"@type\":\"WebPage\",\"@id\":\"https:\\\/\\\/kompakt-gmbh.de\\\/cs\\\/zurnalistika\\\/\",\"url\":\"https:\\\/\\\/kompakt-gmbh.de\\\/cs\\\/zurnalistika\\\/\",\"name\":\"Presse - Kom-pakt GmbH | \u00d6tisheim | Karlsruhe\",\"isPartOf\":{\"@id\":\"https:\\\/\\\/kompakt-gmbh.de\\\/cs\\\/#website\"},\"datePublished\":\"2017-03-15T07:22:23+00:00\",\"dateModified\":\"2022-02-21T12:57:12+00:00\",\"description\":\"KMU-innovativ Verbundprojekt ISDAK: Innovatives Schulungs- und Dienstleistungskonzept als Beitrag zum nachhaltigen Wassermanagement in Kroatien.\",\"breadcrumb\":{\"@id\":\"https:\\\/\\\/kompakt-gmbh.de\\\/cs\\\/zurnalistika\\\/#breadcrumb\"},\"inLanguage\":\"cs\",\"potentialAction\":[{\"@type\":\"ReadAction\",\"target\":[\"https:\\\/\\\/kompakt-gmbh.de\\\/cs\\\/zurnalistika\\\/\"]}]},{\"@type\":\"BreadcrumbList\",\"@id\":\"https:\\\/\\\/kompakt-gmbh.de\\\/cs\\\/zurnalistika\\\/#breadcrumb\",\"itemListElement\":[{\"@type\":\"ListItem\",\"position\":1,\"name\":\"Startseite\",\"item\":\"https:\\\/\\\/kompakt-gmbh.de\\\/cs\\\/\"},{\"@type\":\"ListItem\",\"position\":2,\"name\":\"\u017durnalistika\"}]},{\"@type\":\"WebSite\",\"@id\":\"https:\\\/\\\/kompakt-gmbh.de\\\/cs\\\/#website\",\"url\":\"https:\\\/\\\/kompakt-gmbh.de\\\/cs\\\/\",\"name\":\"Kom-pakt GmbH \u00d6tisheim | Karlsruhe\",\"description\":\"Deponiebau | Abfallwirtschaft | Fl\u00e4chenrecycling\",\"potentialAction\":[{\"@type\":\"SearchAction\",\"target\":{\"@type\":\"EntryPoint\",\"urlTemplate\":\"https:\\\/\\\/kompakt-gmbh.de\\\/cs\\\/?s={search_term_string}\"},\"query-input\":{\"@type\":\"PropertyValueSpecification\",\"valueRequired\":true,\"valueName\":\"search_term_string\"}}],\"inLanguage\":\"cs\"}]}<\/script>\n<!-- \/ Yoast SEO plugin. -->","yoast_head_json":{"title":"Presse - Kom-pakt GmbH | \u00d6tisheim | Karlsruhe","description":"KMU-innovativ Verbundprojekt ISDAK: Innovatives Schulungs- und Dienstleistungskonzept als Beitrag zum nachhaltigen Wassermanagement in Kroatien.","robots":{"index":"index","follow":"follow","max-snippet":"max-snippet:-1","max-image-preview":"max-image-preview:large","max-video-preview":"max-video-preview:-1"},"canonical":"https:\/\/kompakt-gmbh.de\/cs\/zurnalistika\/","og_locale":"cs_CZ","og_type":"article","og_title":"Presse - Kom-pakt GmbH | \u00d6tisheim | Karlsruhe","og_description":"KMU-innovativ Verbundprojekt ISDAK: Innovatives Schulungs- und Dienstleistungskonzept als Beitrag zum nachhaltigen Wassermanagement in Kroatien.","og_url":"https:\/\/kompakt-gmbh.de\/cs\/zurnalistika\/","og_site_name":"Kom-pakt GmbH \u00d6tisheim | Karlsruhe","article_modified_time":"2022-02-21T12:57:12+00:00","twitter_card":"summary_large_image","twitter_misc":{"Odhadovan\u00e1 doba \u010dten\u00ed":"2 minuty"},"schema":{"@context":"https:\/\/schema.org","@graph":[{"@type":"WebPage","@id":"https:\/\/kompakt-gmbh.de\/cs\/zurnalistika\/","url":"https:\/\/kompakt-gmbh.de\/cs\/zurnalistika\/","name":"Presse - Kom-pakt GmbH | \u00d6tisheim | Karlsruhe","isPartOf":{"@id":"https:\/\/kompakt-gmbh.de\/cs\/#website"},"datePublished":"2017-03-15T07:22:23+00:00","dateModified":"2022-02-21T12:57:12+00:00","description":"KMU-innovativ Verbundprojekt ISDAK: Innovatives Schulungs- und Dienstleistungskonzept als Beitrag zum nachhaltigen Wassermanagement in Kroatien.","breadcrumb":{"@id":"https:\/\/kompakt-gmbh.de\/cs\/zurnalistika\/#breadcrumb"},"inLanguage":"cs","potentialAction":[{"@type":"ReadAction","target":["https:\/\/kompakt-gmbh.de\/cs\/zurnalistika\/"]}]},{"@type":"BreadcrumbList","@id":"https:\/\/kompakt-gmbh.de\/cs\/zurnalistika\/#breadcrumb","itemListElement":[{"@type":"ListItem","position":1,"name":"Startseite","item":"https:\/\/kompakt-gmbh.de\/cs\/"},{"@type":"ListItem","position":2,"name":"\u017durnalistika"}]},{"@type":"WebSite","@id":"https:\/\/kompakt-gmbh.de\/cs\/#website","url":"https:\/\/kompakt-gmbh.de\/cs\/","name":"Kom-pakt GmbH \u00d6tisheim | Karlsruhe","description":"Deponiebau | Abfallwirtschaft | Fl\u00e4chenrecycling","potentialAction":[{"@type":"SearchAction","target":{"@type":"EntryPoint","urlTemplate":"https:\/\/kompakt-gmbh.de\/cs\/?s={search_term_string}"},"query-input":{"@type":"PropertyValueSpecification","valueRequired":true,"valueName":"search_term_string"}}],"inLanguage":"cs"}]}},"_links":{"self":[{"href":"https:\/\/kompakt-gmbh.de\/cs\/wp-json\/wp\/v2\/pages\/1449","targetHints":{"allow":["GET"]}}],"collection":[{"href":"https:\/\/kompakt-gmbh.de\/cs\/wp-json\/wp\/v2\/pages"}],"about":[{"href":"https:\/\/kompakt-gmbh.de\/cs\/wp-json\/wp\/v2\/types\/page"}],"author":[{"embeddable":true,"href":"https:\/\/kompakt-gmbh.de\/cs\/wp-json\/wp\/v2\/users\/3"}],"replies":[{"embeddable":true,"href":"https:\/\/kompakt-gmbh.de\/cs\/wp-json\/wp\/v2\/comments?post=1449"}],"version-history":[{"count":3,"href":"https:\/\/kompakt-gmbh.de\/cs\/wp-json\/wp\/v2\/pages\/1449\/revisions"}],"predecessor-version":[{"id":2915,"href":"https:\/\/kompakt-gmbh.de\/cs\/wp-json\/wp\/v2\/pages\/1449\/revisions\/2915"}],"wp:attachment":[{"href":"https:\/\/kompakt-gmbh.de\/cs\/wp-json\/wp\/v2\/media?parent=1449"}],"curies":[{"name":"wp","href":"https:\/\/api.w.org\/{rel}","templated":true}]}}